{"id":252,"date":"2022-10-26T09:08:38","date_gmt":"2022-10-26T06:08:38","guid":{"rendered":"https:\/\/kaledinisbegimas.lt\/kaledinis-begimas\/"},"modified":"2025-12-15T15:18:45","modified_gmt":"2025-12-15T13:18:45","slug":"kaledinis-begimas","status":"publish","type":"page","link":"https:\/\/kaledinisbegimas.lt\/en\/","title":{"rendered":"The Christmas Run"},"content":{"rendered":"<div class=\"row row-small row-full-width\"  id=\"row-1466714871\">\n\n\t<div id=\"col-2018834921\" class=\"col small-12 large-12\"  >\n\t\t\t\t<div class=\"col-inner\"  >\n\t\t\t\n\t\t\t\n\t<section class=\"section dark has-parallax\" id=\"section_1684918966\">\n\t\t<div class=\"bg section-bg fill bg-fill  \" data-parallax-container=\".section\" data-parallax-background data-parallax=\"-7\">\n\n\t\t\t\n\t\t\t<div class=\"effect-snow bg-effect fill no-click\"><\/div>\n\t\t\t\n\n\t\t<\/div>\n\n\t\t\n\n\t\t<div class=\"section-content relative\">\n\t\t\t\n\n\t\t<\/div>\n\n\t\t\n<style>\n#section_1684918966 {\n  padding-top: 0px;\n  padding-bottom: 0px;\n  min-height: 435px;\n}\n#section_1684918966 .section-bg.bg-loaded {\n  background-image: url(https:\/\/kaledinisbegimas.lt\/wp-content\/uploads\/2025\/12\/KB2026_vizualas_1920x672.jpg);\n}\n#section_1684918966 .section-bg {\n  background-position: 50% 4%;\n}\n#section_1684918966 .ux-shape-divider--top svg {\n  height: 150px;\n  --divider-top-width: 100%;\n}\n#section_1684918966 .ux-shape-divider--bottom svg {\n  height: 150px;\n  --divider-width: 100%;\n}\n@media (min-width:850px) {\n  #section_1684918966 {\n    min-height: 800px;\n  }\n}\n<\/style>\n\t<\/section>\n\t\n\t\t<\/div>\n\t\t\t\t\t<\/div>\n\n\t\n<\/div>\n<div class=\"row row-small\"  id=\"row-947419063\">\n\n\t<div id=\"col-2107625500\" class=\"col medium-4 small-12 large-3\"  >\n\t\t\t\t<div class=\"col-inner text-center\"  >\n\t\t\t\n\t\t\t\n\t<section class=\"section dark\" id=\"section_703110055\">\n\t\t<div class=\"bg section-bg fill bg-fill  bg-loaded\" >\n\n\t\t\t\n\t\t\t\n\t\t\t\n\n\t\t<\/div>\n\n\t\t\n\n\t\t<div class=\"section-content relative\">\n\t\t\t\n\t<div id=\"gap-1119684634\" class=\"gap-element clearfix\" style=\"display:block; height:auto;\">\n\t\t\n<style>\n#gap-1119684634 {\n  padding-top: 30px;\n}\n<\/style>\n\t<\/div>\n\t\n\t<div id=\"text-4175005112\" class=\"text\">\n\t\t\n<h3><a href=\"https:\/\/manobegimas.lt\/registration\/58\" target=\"_blank\" rel=\"noopener\">3 km<\/a><\/h3>\n\t\t\n<style>\n#text-4175005112 {\n  font-size: 2rem;\n  line-height: 1;\n}\n@media (min-width:550px) {\n  #text-4175005112 {\n    font-size: 2rem;\n  }\n}\n<\/style>\n\t<\/div>\n\t\n\t\t<\/div>\n\n\t\t\n<style>\n#section_703110055 {\n  padding-top: 0px;\n  padding-bottom: 0px;\n  margin-bottom: 0px;\n  min-height: 115px;\n  background-color: rgb(169, 19, 48);\n}\n#section_703110055 .ux-shape-divider--top svg {\n  height: 150px;\n  --divider-top-width: 100%;\n}\n#section_703110055 .ux-shape-divider--bottom svg {\n  height: 150px;\n  --divider-width: 100%;\n}\n@media (min-width:550px) {\n  #section_703110055 {\n    min-height: 115px;\n  }\n}\n@media (min-width:850px) {\n  #section_703110055 {\n    min-height: 215px;\n  }\n}\n<\/style>\n\t<\/section>\n\t\n\t<div id=\"gap-790399302\" class=\"gap-element clearfix\" style=\"display:block; height:auto;\">\n\t\t\n<style>\n#gap-790399302 {\n  padding-top: 20px;\n}\n<\/style>\n\t<\/div>\n\t\n\t<section class=\"section dark\" id=\"section_2144064491\">\n\t\t<div class=\"bg section-bg fill bg-fill  bg-loaded\" >\n\n\t\t\t\n\t\t\t\n\t\t\t\n\n\t\t<\/div>\n\n\t\t\n\n\t\t<div class=\"section-content relative\">\n\t\t\t\n\t<div id=\"gap-1037791290\" class=\"gap-element clearfix\" style=\"display:block; height:auto;\">\n\t\t\n<style>\n#gap-1037791290 {\n  padding-top: 30px;\n}\n<\/style>\n\t<\/div>\n\t\n\t<div id=\"text-3277341139\" class=\"text\">\n\t\t\n<h3><a href=\"https:\/\/manobegimas.lt\/registration\/58\" target=\"_blank\" rel=\"noopener\">6 km<\/a><\/h3>\n\t\t\n<style>\n#text-3277341139 {\n  font-size: 2rem;\n  line-height: 1;\n}\n@media (min-width:550px) {\n  #text-3277341139 {\n    font-size: 2rem;\n  }\n}\n<\/style>\n\t<\/div>\n\t\n\t\t<\/div>\n\n\t\t\n<style>\n#section_2144064491 {\n  padding-top: 0px;\n  padding-bottom: 0px;\n  margin-bottom: 0px;\n  min-height: 115px;\n  background-color: rgb(169, 19, 48);\n}\n#section_2144064491 .ux-shape-divider--top svg {\n  height: 150px;\n  --divider-top-width: 100%;\n}\n#section_2144064491 .ux-shape-divider--bottom svg {\n  height: 150px;\n  --divider-width: 100%;\n}\n@media (min-width:550px) {\n  #section_2144064491 {\n    min-height: 115px;\n  }\n}\n@media (min-width:850px) {\n  #section_2144064491 {\n    min-height: 215px;\n  }\n}\n<\/style>\n\t<\/section>\n\t\n\t\t<\/div>\n\t\t\t\t\t<\/div>\n\n\t\n\n\t<div id=\"col-1735860118\" class=\"col medium-4 small-12 large-6\"  >\n\t\t\t\t<div class=\"col-inner text-center\"  >\n\t\t\t\n\t\t\t\n\t<section class=\"section dark\" id=\"section_1332316074\">\n\t\t<div class=\"bg section-bg fill bg-fill  bg-loaded\" >\n\n\t\t\t\n\t\t\t\n\t\t\t\n\n\t\t<\/div>\n\n\t\t\n\n\t\t<div class=\"section-content relative\">\n\t\t\t\n\t<div id=\"gap-1765994220\" class=\"gap-element clearfix\" style=\"display:block; height:auto;\">\n\t\t\n<style>\n#gap-1765994220 {\n  padding-top: 30px;\n}\n<\/style>\n\t<\/div>\n\t\n\t<div id=\"text-3680757022\" class=\"text\">\n\t\t\n<h3>Iki starto liko:<\/h3>\n\t\t\n<style>\n#text-3680757022 {\n  font-size: 2rem;\n  line-height: 1;\n  text-align: center;\n}\n@media (min-width:550px) {\n  #text-3680757022 {\n    font-size: 1.35rem;\n  }\n}\n@media (min-width:850px) {\n  #text-3680757022 {\n    font-size: 2rem;\n  }\n}\n<\/style>\n\t<\/div>\n\t\n<div id=\"timer-1847231011\" class=\"ux-timer dark\" data-text-plural=\"s\" data-text-hour=\"h\" data-text-day=\"days\" data-text-week=\"weeks\" data-text-min=\"min\" data-text-sec=\"sec\" data-text-hour-p=\"h\" data-text-day-p=\"days\" data-text-week-p=\"weeks\" data-text-min-p=\"min\" data-text-sec-p=\"sec\" data-countdown=\"2026\/12\/05 12:00\"><span>&nbsp;<div class=\"loading-spin dark centered\"><\/div><strong>&nbsp;<\/strong><\/span><\/div>\n<style>\n#timer-1847231011 {\n  font-size: 217%;\n}\n#timer-1847231011 span {\n  background-color: rgb(169, 19, 48);\n}\n@media (min-width:550px) {\n  #timer-1847231011 {\n    font-size: 202%;\n  }\n}\n@media (min-width:850px) {\n  #timer-1847231011 {\n    font-size: 300%;\n  }\n}\n<\/style>\n\n<a rel=\"noopener noreferrer\" href=\"https:\/\/manobegimas.lt\/event\/72\" target=\"_blank\" class=\"button white is-outline is-large box-shadow-5 expand\"  >\n    <span>REGISTER<\/span>\n  <\/a>\n\n\t\t<\/div>\n\n\t\t\n<style>\n#section_1332316074 {\n  padding-top: 0px;\n  padding-bottom: 0px;\n  margin-bottom: 0px;\n  min-height: 250px;\n  background-color: rgb(169, 19, 48);\n}\n#section_1332316074 .ux-shape-divider--top svg {\n  height: 150px;\n  --divider-top-width: 100%;\n}\n#section_1332316074 .ux-shape-divider--bottom svg {\n  height: 150px;\n  --divider-width: 100%;\n}\n@media (min-width:850px) {\n  #section_1332316074 {\n    min-height: 450px;\n  }\n}\n<\/style>\n\t<\/section>\n\t\n\t\t<\/div>\n\t\t\t\t\t<\/div>\n\n\t\n\n\t<div id=\"col-115057246\" class=\"col medium-4 small-12 large-3\"  >\n\t\t\t\t<div class=\"col-inner text-center\"  >\n\t\t\t\n\t\t\t\n\t<section class=\"section dark\" id=\"section_509108921\">\n\t\t<div class=\"bg section-bg fill bg-fill  bg-loaded\" >\n\n\t\t\t\n\t\t\t\n\t\t\t\n\n\t\t<\/div>\n\n\t\t\n\n\t\t<div class=\"section-content relative\">\n\t\t\t\n\t<div id=\"gap-940005704\" class=\"gap-element clearfix\" style=\"display:block; height:auto;\">\n\t\t\n<style>\n#gap-940005704 {\n  padding-top: 30px;\n}\n<\/style>\n\t<\/div>\n\t\n\t<div id=\"text-241780167\" class=\"text\">\n\t\t\n<h3><a href=\"https:\/\/manobegimas.lt\/registration\/58\" target=\"_blank\" rel=\"noopener\">12 km<\/a><\/h3>\n\t\t\n<style>\n#text-241780167 {\n  font-size: 2rem;\n  line-height: 1;\n}\n@media (min-width:550px) {\n  #text-241780167 {\n    font-size: 2rem;\n  }\n}\n<\/style>\n\t<\/div>\n\t\n\t\t<\/div>\n\n\t\t\n<style>\n#section_509108921 {\n  padding-top: 0px;\n  padding-bottom: 0px;\n  margin-bottom: 0px;\n  min-height: 115px;\n  background-color: rgb(169, 19, 48);\n}\n#section_509108921 .ux-shape-divider--top svg {\n  height: 150px;\n  --divider-top-width: 100%;\n}\n#section_509108921 .ux-shape-divider--bottom svg {\n  height: 150px;\n  --divider-width: 100%;\n}\n@media (min-width:550px) {\n  #section_509108921 {\n    min-height: 115px;\n  }\n}\n@media (min-width:850px) {\n  #section_509108921 {\n    min-height: 215px;\n  }\n}\n<\/style>\n\t<\/section>\n\t\n\t<div id=\"gap-1851411559\" class=\"gap-element clearfix\" style=\"display:block; height:auto;\">\n\t\t\n<style>\n#gap-1851411559 {\n  padding-top: 20px;\n}\n<\/style>\n\t<\/div>\n\t\n\t<section class=\"section dark\" id=\"section_1692786564\">\n\t\t<div class=\"bg section-bg fill bg-fill  bg-loaded\" >\n\n\t\t\t\n\t\t\t\n\t\t\t\n\n\t\t<\/div>\n\n\t\t\n\n\t\t<div class=\"section-content relative\">\n\t\t\t\n\t<div id=\"gap-1445621374\" class=\"gap-element clearfix\" style=\"display:block; height:auto;\">\n\t\t\n<style>\n#gap-1445621374 {\n  padding-top: 30px;\n}\n<\/style>\n\t<\/div>\n\t\n\t<div id=\"text-4055651926\" class=\"text\">\n\t\t\n<h3><a href=\"https:\/\/manobegimas.lt\/registration\/58\" target=\"_blank\" rel=\"noopener\">Nyk\u0161tuk\u0173 b\u0117gimas<\/a><\/h3>\n\t\t\n<style>\n#text-4055651926 {\n  font-size: 1.8rem;\n  line-height: 1.25;\n}\n@media (min-width:550px) {\n  #text-4055651926 {\n    font-size: 1.35rem;\n  }\n}\n@media (min-width:850px) {\n  #text-4055651926 {\n    font-size: 2rem;\n  }\n}\n<\/style>\n\t<\/div>\n\t\n\t\t<\/div>\n\n\t\t\n<style>\n#section_1692786564 {\n  padding-top: 0px;\n  padding-bottom: 0px;\n  margin-bottom: 0px;\n  min-height: 115px;\n  background-color: rgb(169, 19, 48);\n}\n#section_1692786564 .ux-shape-divider--top svg {\n  height: 150px;\n  --divider-top-width: 100%;\n}\n#section_1692786564 .ux-shape-divider--bottom svg {\n  height: 150px;\n  --divider-width: 100%;\n}\n@media (min-width:550px) {\n  #section_1692786564 {\n    min-height: 115px;\n  }\n}\n@media (min-width:850px) {\n  #section_1692786564 {\n    min-height: 215px;\n  }\n}\n<\/style>\n\t<\/section>\n\t\n\t\t<\/div>\n\t\t\t\t\t<\/div>\n\n\t\n<\/div>\n\t<section class=\"section\" id=\"section_14849662\">\n\t\t<div class=\"bg section-bg fill bg-fill  bg-loaded\" >\n\n\t\t\t\n\t\t\t\n\t\t\t\n\n\t\t<\/div>\n\n\t\t\n\n\t\t<div class=\"section-content relative\">\n\t\t\t\n<div class=\"row row-small align-middle\"  id=\"row-1042514223\">\n\n\t<div id=\"col-1140253578\" class=\"col medium-6 small-12 large-3\"  >\n\t\t\t\t<div class=\"col-inner\"  >\n\t\t\t\n\t\t\t\n\n  <div class=\"banner has-hover\" id=\"banner-1933802251\">\n          <div class=\"banner-inner fill\">\n        <div class=\"banner-bg fill\" >\n            <div class=\"bg fill bg-fill \"><\/div>\n                                    \n                    <\/div>\n\t\t\n        <div class=\"banner-layers container\">\n            <div class=\"fill banner-link\"><\/div>            \n        <\/div>\n      <\/div>\n\n            \n<style>\n#banner-1933802251 {\n  padding-top: 99.99%;\n  background-color: rgb(255, 255, 255);\n}\n#banner-1933802251 .bg.bg-loaded {\n  background-image: url(https:\/\/kaledinisbegimas.lt\/wp-content\/uploads\/2024\/10\/16-51-23-PBG_4541-1024x683.jpeg);\n}\n#banner-1933802251 .bg {\n  background-position: 47% 80%;\n}\n#banner-1933802251 .ux-shape-divider--top svg {\n  height: 150px;\n  --divider-top-width: 100%;\n}\n#banner-1933802251 .ux-shape-divider--bottom svg {\n  height: 150px;\n  --divider-width: 100%;\n}\n@media (min-width:550px) {\n  #banner-1933802251 {\n    padding-top: 400px;\n  }\n}\n@media (min-width:850px) {\n  #banner-1933802251 {\n    padding-top: 241px;\n  }\n}\n<\/style>\n  <\/div>\n\n\n\t\t<\/div>\n\t\t\t\t\t<\/div>\n\n\t\n\n\t<div id=\"col-1493314537\" class=\"col medium-6 small-12 large-3\"  >\n\t\t\t\t<div class=\"col-inner\"  >\n\t\t\t\n\t\t\t\n\n  <div class=\"banner has-hover\" id=\"banner-1801549262\">\n          <div class=\"banner-inner fill\">\n        <div class=\"banner-bg fill\" >\n            <div class=\"bg fill bg-fill \"><\/div>\n                                    \n                    <\/div>\n\t\t\n        <div class=\"banner-layers container\">\n            <div class=\"fill banner-link\"><\/div>            \n        <\/div>\n      <\/div>\n\n            \n<style>\n#banner-1801549262 {\n  padding-top: 99.99%;\n  background-color: rgb(255, 255, 255);\n}\n#banner-1801549262 .bg.bg-loaded {\n  background-image: url(https:\/\/kaledinisbegimas.lt\/wp-content\/uploads\/2024\/10\/18-18-56-ADAS7205-1-837x1024.jpeg);\n}\n#banner-1801549262 .bg {\n  background-position: 28% 84%;\n}\n#banner-1801549262 .ux-shape-divider--top svg {\n  height: 150px;\n  --divider-top-width: 100%;\n}\n#banner-1801549262 .ux-shape-divider--bottom svg {\n  height: 150px;\n  --divider-width: 100%;\n}\n@media (min-width:550px) {\n  #banner-1801549262 {\n    padding-top: 400px;\n  }\n}\n@media (min-width:850px) {\n  #banner-1801549262 {\n    padding-top: 392px;\n  }\n}\n<\/style>\n  <\/div>\n\n\n\t\t<\/div>\n\t\t\t\t\t<\/div>\n\n\t\n\n\t<div id=\"col-730966967\" class=\"col medium-12 small-12 large-6\"  >\n\t\t\t\t<div class=\"col-inner\"  >\n\t\t\t\n\t\t\t\n\t<div id=\"gap-462256990\" class=\"gap-element clearfix\" style=\"display:block; height:auto;\">\n\t\t\n<style>\n#gap-462256990 {\n  padding-top: 15px;\n}\n@media (min-width:850px) {\n  #gap-462256990 {\n    padding-top: 30px;\n  }\n}\n<\/style>\n\t<\/div>\n\t\n<div class=\"container section-title-container\" ><h2 class=\"section-title section-title-normal\"><b><\/b><span class=\"section-title-main\" >EUROVAISTIN\u0116S Kal\u0117dinis b\u0117gimas 2025<\/span><b><\/b><\/h2><\/div>\n<p>Gra\u017eiausias \u017eiemos b\u0117gimas vakare, pasitinkant Kal\u0117das ir svarbiausia, praleid\u017eiant \u0161iek tiek laiko kartu su \u012fsimintiniausiomis emocijomis ir u\u017eburian\u010dia b\u0117gimo energija!<\/p>\n<p><strong>B\u0116GAME Gruod\u017eio 6 d., Vilniuje.<\/strong><\/p>\n<p>Eurovaistin\u0117s Kal\u0117dinis b\u0117gimas i\u0161siskiria ne tik \u0161ventine nuotaika, bet ir i\u0161skirtiniais dalyviais, b\u0117gimo \u0161ventei specialiai pasidabinusiais kal\u0117diniais (ir ne tik!) kostiumais. Ta\u010diau \u0161iemet m\u016bs\u0173 vis\u0173 laukia dar kal\u0117di\u0161kesn\u0117 \u0161vent\u0117! Renginio programa pasislinko taip, kad dalyviai gal\u0117t\u0173 b\u0117gti jau sutemus, kai sostin\u0117s gatv\u0117se atsiskleis tikra \u017e\u0117rinti bei magi\u0161ka kal\u0117din\u0117 dvasia!<\/p>\n<p>\u0160iemet kvie\u010diame ruo\u0161ti ne tik kal\u0117dinius kostiumus, bet ir \u0161vie\u010dian\u010dius akcentus &#8211; kepur\u0119, lankel\u012f, girliand\u0105 ar bet kok\u012f \u0161vie\u010diant\u012f atribut\u0105, kuris pavers m\u016bs\u0173 b\u0117gik\u0173 b\u016br\u012f tikra kal\u0117dine \u0161vytin\u010dia magija.&#8221;<\/p>\n\t\t<\/div>\n\t\t\t\t\n<style>\n#col-730966967 > .col-inner {\n  padding: 0px 0px 0px 0;\n}\n@media (min-width:850px) {\n  #col-730966967 > .col-inner {\n    padding: 0px 0px 0px 10%;\n  }\n}\n<\/style>\n\t<\/div>\n\n\t\n<\/div>\n\t\t<\/div>\n\n\t\t\n<style>\n#section_14849662 {\n  padding-top: 30px;\n  padding-bottom: 30px;\n}\n#section_14849662 .ux-shape-divider--top svg {\n  height: 150px;\n  --divider-top-width: 100%;\n}\n#section_14849662 .ux-shape-divider--bottom svg {\n  height: 150px;\n  --divider-width: 100%;\n}\n<\/style>\n\t<\/section>\n\t\n\t<section class=\"section\" id=\"section_758134520\">\n\t\t<div class=\"bg section-bg fill bg-fill  bg-loaded\" >\n\n\t\t\t\n\t\t\t\n\t\t\t\n\n\t\t<\/div>\n\n\t\t\n\n\t\t<div class=\"section-content relative\">\n\t\t\t\n<div class=\"row row-small align-middle align-center\"  id=\"row-1840490005\">\n\n\t<div id=\"col-286792068\" class=\"col medium-9 small-12 large-9\"  >\n\t\t\t\t<div class=\"col-inner\"  >\n\t\t\t\n\t\t\t\n<div class=\"video video-fit mb box-shadow-4\" style=\"padding-top:56.25%;\"><p><iframe loading=\"lazy\" title=\"Kal\u0117dinis b\u0117gimas 2024\" width=\"1020\" height=\"574\" src=\"https:\/\/www.youtube.com\/embed\/31mZIloYD8I?feature=oembed\" frameborder=\"0\" allow=\"accelerometer; autoplay; clipboard-write; encrypted-media; gyroscope; picture-in-picture; web-share\" referrerpolicy=\"strict-origin-when-cross-origin\" allowfullscreen><\/iframe><\/p>\n<\/div>\n\t\t<\/div>\n\t\t\t\t\t<\/div>\n\n\t\n<\/div>\n\t\t<\/div>\n\n\t\t\n<style>\n#section_758134520 {\n  padding-top: 30px;\n  padding-bottom: 30px;\n}\n#section_758134520 .ux-shape-divider--top svg {\n  height: 150px;\n  --divider-top-width: 100%;\n}\n#section_758134520 .ux-shape-divider--bottom svg {\n  height: 150px;\n  --divider-width: 100%;\n}\n<\/style>\n\t<\/section>\n\t\n<div class=\"container section-title-container\" ><h2 class=\"section-title section-title-normal\"><b><\/b><span class=\"section-title-main\" >News<\/span><b><\/b><\/h2><\/div>\n\n  \n    <div class=\"row large-columns-3 medium-columns-1 small-columns-1 row-small has-shadow row-box-shadow-2 slider row-slider slider-nav-simple slider-nav-outside slider-nav-push\"  data-flickity-options='{\"imagesLoaded\": true, \"groupCells\": \"100%\", \"dragThreshold\" : 5, \"cellAlign\": \"left\",\"wrapAround\": true,\"prevNextButtons\": true,\"percentPosition\": true,\"pageDots\": false, \"rightToLeft\": false, \"autoPlay\" : false}'>\n\n  <div class=\"col post-item\" >\n\t\t\t<div class=\"col-inner\">\n\t\t\t<a href=\"https:\/\/kaledinisbegimas.lt\/en\/news\/do-you-want-to-fulfill-old-promises-and-start-running-before-the-christmas-holidays-here-are-our-tips-from-a-professional-runner-and-a-pharmacist\/\" class=\"plain\">\n\t\t\t\t<div class=\"box box-default box-text-bottom box-blog-post has-hover\">\n            \t\t\t\t\t<div class=\"box-image\" style=\"width:60%;\">\n  \t\t\t\t\t\t<div class=\"image-cover\" style=\"padding-top:75%;\">\n  \t\t\t\t\t\t\t<img loading=\"lazy\" decoding=\"async\" width=\"300\" height=\"200\" src=\"https:\/\/kaledinisbegimas.lt\/wp-content\/uploads\/2022\/10\/Grupems-2-300x200.jpeg\" class=\"attachment-medium size-medium wp-post-image\" alt=\"\" srcset=\"https:\/\/kaledinisbegimas.lt\/wp-content\/uploads\/2022\/10\/Grupems-2-300x200.jpeg 300w, https:\/\/kaledinisbegimas.lt\/wp-content\/uploads\/2022\/10\/Grupems-2-1024x684.jpeg 1024w, https:\/\/kaledinisbegimas.lt\/wp-content\/uploads\/2022\/10\/Grupems-2-768x513.jpeg 768w, https:\/\/kaledinisbegimas.lt\/wp-content\/uploads\/2022\/10\/Grupems-2-1536x1026.jpeg 1536w, https:\/\/kaledinisbegimas.lt\/wp-content\/uploads\/2022\/10\/Grupems-2.jpeg 1800w\" sizes=\"auto, (max-width: 300px) 100vw, 300px\" \/>  \t\t\t\t\t\t\t  \t\t\t\t\t\t\t  \t\t\t\t\t\t<\/div>\n  \t\t\t\t\t\t  \t\t\t\t\t<\/div>\n          \t\t\t\t\t<div class=\"box-text text-center\" >\n\t\t\t\t\t<div class=\"box-text-inner blog-post-inner\">\n\n\t\t\t\t\t\n\t\t\t\t\t\t\t\t\t\t<h5 class=\"post-title is-large \">Do you want to fulfill old promises and start running before the Christmas holidays? Here are our tips from a professional runner and a pharmacist<\/h5>\n\t\t\t\t\t\t\t\t\t\t<div class=\"is-divider\"><\/div>\n\t\t\t\t\t\t\t\t\t\t<p class=\"from_the_blog_excerpt \">&#13; As autumn begins, more people return to their normal working routines. It&#8217;s easy to [...]\t\t\t\t\t<\/p>\n\t\t\t\t\t                    \n\t\t\t\t\t\n\t\t\t\t\t\n\t\t\t\t\t<\/div>\n\t\t\t\t\t<\/div>\n\t\t\t\t\t\t\t\t\t\t\t\t\t\t\t\t<div class=\"badge absolute top post-date badge-outline\">\n\t\t\t\t\t\t\t<div class=\"badge-inner\">\n\t\t\t\t\t\t\t\t<span class=\"post-date-day\">28<\/span><br>\n\t\t\t\t\t\t\t\t<span class=\"post-date-month is-xsmall\">Oct<\/span>\n\t\t\t\t\t\t\t<\/div>\n\t\t\t\t\t\t<\/div>\n\t\t\t\t\t\t\t\t\t<\/div>\n\t\t\t\t<\/a>\n\t\t\t<\/div>\n\t\t<\/div><\/div>\n\n\n","protected":false},"excerpt":{"rendered":"","protected":false},"author":1,"featured_media":0,"parent":0,"menu_order":0,"comment_status":"closed","ping_status":"closed","template":"page-blank.php","meta":{"footnotes":""},"class_list":["post-252","page","type-page","status-publish","hentry"],"_links":{"self":[{"href":"https:\/\/kaledinisbegimas.lt\/en\/wp-json\/wp\/v2\/pages\/252","targetHints":{"allow":["GET"]}}],"collection":[{"href":"https:\/\/kaledinisbegimas.lt\/en\/wp-json\/wp\/v2\/pages"}],"about":[{"href":"https:\/\/kaledinisbegimas.lt\/en\/wp-json\/wp\/v2\/types\/page"}],"author":[{"embeddable":true,"href":"https:\/\/kaledinisbegimas.lt\/en\/wp-json\/wp\/v2\/users\/1"}],"replies":[{"embeddable":true,"href":"https:\/\/kaledinisbegimas.lt\/en\/wp-json\/wp\/v2\/comments?post=252"}],"version-history":[{"count":54,"href":"https:\/\/kaledinisbegimas.lt\/en\/wp-json\/wp\/v2\/pages\/252\/revisions"}],"predecessor-version":[{"id":1531,"href":"https:\/\/kaledinisbegimas.lt\/en\/wp-json\/wp\/v2\/pages\/252\/revisions\/1531"}],"wp:attachment":[{"href":"https:\/\/kaledinisbegimas.lt\/en\/wp-json\/wp\/v2\/media?parent=252"}],"curies":[{"name":"wp","href":"https:\/\/api.w.org\/{rel}","templated":true}]}}