{"id":266,"date":"2022-10-26T11:42:25","date_gmt":"2022-10-26T08:42:25","guid":{"rendered":"https:\/\/kaledinisbegimas.lt\/about\/the-history-of-the-christmas-run\/"},"modified":"2024-12-12T13:24:53","modified_gmt":"2024-12-12T11:24:53","slug":"the-history-of-the-christmas-run","status":"publish","type":"page","link":"https:\/\/kaledinisbegimas.lt\/en\/about\/the-history-of-the-christmas-run\/","title":{"rendered":"The History of the Christmas run"},"content":{"rendered":"\t<section class=\"section\" id=\"section_1932423729\">\n\t\t<div class=\"bg section-bg fill bg-fill  bg-loaded\" >\n\n\t\t\t\n\t\t\t\n\t\t\t\n\n\t\t<\/div>\n\n\t\t\n\n\t\t<div class=\"section-content relative\">\n\t\t\t\n<div class=\"row\" style=\"max-width:1200px\" id=\"row-917940127\">\n\n\t<div id=\"col-1506778900\" class=\"col medium-6 small-12 large-5\"  >\n\t\t\t\t<div class=\"col-inner\"  >\n\t\t\t\n\t\t\t\n\t<div id=\"gap-1986614924\" class=\"gap-element clearfix\" style=\"display:block; height:auto;\">\n\t\t\n<style>\n#gap-1986614924 {\n  padding-top: 60px;\n}\n<\/style>\n\t<\/div>\n\t\n\t<div id=\"text-253583559\" class=\"text\">\n\t\t\n<h1>B\u0117gimo istorija<\/h1>\n\t\t\n<style>\n#text-253583559 {\n  font-size: 2.75rem;\n  color: rgb(255, 255, 255);\n}\n#text-253583559 > * {\n  color: rgb(255, 255, 255);\n}\n<\/style>\n\t<\/div>\n\t\n\t\t<\/div>\n\t\t\t\t\t<\/div>\n\n\t\n<\/div>\n\t\t<\/div>\n\n\t\t\n<style>\n#section_1932423729 {\n  padding-top: 30px;\n  padding-bottom: 30px;\n  min-height: 300px;\n  background-color: rgb(192, 43, 71);\n}\n#section_1932423729 .ux-shape-divider--top svg {\n  height: 150px;\n  --divider-top-width: 100%;\n}\n#section_1932423729 .ux-shape-divider--bottom svg {\n  height: 150px;\n  --divider-width: 100%;\n}\n@media (min-width:550px) {\n  #section_1932423729 {\n    min-height: 400px;\n  }\n}\n<\/style>\n\t<\/section>\n\t\n\t<section class=\"section\" id=\"section_1375229459\">\n\t\t<div class=\"bg section-bg fill bg-fill  bg-loaded\" >\n\n\t\t\t\n\t\t\t\n\t\t\t\n\n\t\t<\/div>\n\n\t\t\n\n\t\t<div class=\"section-content relative\">\n\t\t\t\n<div class=\"row\" style=\"max-width:1200px\" id=\"row-523299377\">\n\n\t<div id=\"col-1971295481\" class=\"col small-12 large-12\"  >\n\t\t\t\t<div class=\"col-inner\"  >\n\t\t\t\n\t\t\t\n<div class=\"row align-bottom\" style=\"max-width:1200px\" id=\"row-1092066809\">\n\n\t<div id=\"col-2090327407\" class=\"col medium-12 small-12 large-6\"  >\n\t\t\t\t<div class=\"col-inner\"  >\n\t\t\t\n\t\t\t\n<p>Kal\u0117dinis b\u0117gimas 2024 m. vyks jau 49-\u0105j\u012f kart\u0105. Daugel\u012f met\u0173 var\u017eybos buvo vadinamos Naujametiniu b\u0117gimu, ta\u010diau atgavus Nepriklausomyb\u0119 j\u0173 laikas da\u017enai sutapdavo su Kal\u0117domis, tod\u0117l ilgainiui prigijo kitas pavadinimas \u2013 Kal\u0117dinis b\u0117gimas.<\/p>\n<p>Pirmosios var\u017eybos, 1975 metais buvo surengtos tam, kad b\u0117gimo entuziastai bendramin\u010di\u0173 b\u016bryje gal\u0117t\u0173 at\u0161v\u0119sti Naujuosius metus. Jose dalyvavo 77 b\u0117gikai. Var\u017eyb\u0173 id\u0117ja nepakito ir \u0161iandien. \u0160imtai b\u0117gimo entuziast\u0173 paskutin\u012f kart\u0105 metuose susirenka pasimatyti su draugais ir bendramin\u010diais, o i\u0161tro\u0161k\u0119 azarto \u2013 pasivar\u017eyti.<\/p>\n<p>Pirmuoju 12 km Naujametinio b\u0117gimo nugal\u0117toju tapo Pranas Baublys. Moterys var\u017e\u0117si 6,5 km distancijoje. J\u0105 grei\u010diausiai \u012fveik\u0117 Bron\u0117 \u0160ablevi\u010di\u016bt\u0117.<\/p>\n\t\t<\/div>\n\t\t\t\t\t<\/div>\n\n\t\n\n\t<div id=\"col-2116034983\" class=\"col medium-12 small-12 large-6 medium-col-first\"  >\n\t\t\t\t<div class=\"col-inner\"  >\n\t\t\t\n\t\t\t\n\n  <div class=\"banner has-hover\" id=\"banner-908810737\">\n          <div class=\"banner-inner fill\">\n        <div class=\"banner-bg fill\" >\n            <div class=\"bg fill bg-fill \"><\/div>\n                                    \n                    <\/div>\n\t\t\n        <div class=\"banner-layers container\">\n            <div class=\"fill banner-link\"><\/div>            \n        <\/div>\n      <\/div>\n\n            \n<style>\n#banner-908810737 {\n  padding-top: 400px;\n  background-color: rgb(255, 255, 255);\n}\n#banner-908810737 .bg.bg-loaded {\n  background-image: url(https:\/\/kaledinisbegimas.lt\/wp-content\/uploads\/2024\/12\/KB2025_vizualas_1200x1200-02.jpg);\n}\n#banner-908810737 .bg {\n  background-position: 50% 50%;\n}\n#banner-908810737 .ux-shape-divider--top svg {\n  height: 150px;\n  --divider-top-width: 100%;\n}\n#banner-908810737 .ux-shape-divider--bottom svg {\n  height: 150px;\n  --divider-width: 100%;\n}\n@media (min-width:550px) {\n  #banner-908810737 {\n    padding-top: 600px;\n  }\n}\n@media (min-width:850px) {\n  #banner-908810737 {\n    padding-top: 700px;\n  }\n}\n<\/style>\n  <\/div>\n\n\n\t\t<\/div>\n\t\t\t\t\n<style>\n#col-2116034983 > .col-inner {\n  padding: 0px 0px 30px 0px;\n  margin: -70px 0px 0px 0px;\n}\n@media (min-width:850px) {\n  #col-2116034983 > .col-inner {\n    margin: -260px 0px 0px 0px;\n  }\n}\n<\/style>\n\t<\/div>\n\n\t\n<\/div>\n\t\t<\/div>\n\t\t\t\t\t<\/div>\n\n\t\n<\/div>\n\t\t<\/div>\n\n\t\t\n<style>\n#section_1375229459 {\n  padding-top: 30px;\n  padding-bottom: 30px;\n}\n#section_1375229459 .ux-shape-divider--top svg {\n  height: 150px;\n  --divider-top-width: 100%;\n}\n#section_1375229459 .ux-shape-divider--bottom svg {\n  height: 150px;\n  --divider-width: 100%;\n}\n<\/style>\n\t<\/section>\n\t\n<p><img loading=\"lazy\" decoding=\"async\" class=\"size-medium wp-image-977 alignleft\" src=\"https:\/\/kaledinisbegimas.lt\/wp-content\/uploads\/2024\/10\/2023-Kaledinis-begimas-181-200x300.jpeg\" alt=\"\" width=\"200\" height=\"300\" srcset=\"https:\/\/kaledinisbegimas.lt\/wp-content\/uploads\/2024\/10\/2023-Kaledinis-begimas-181-200x300.jpeg 200w, https:\/\/kaledinisbegimas.lt\/wp-content\/uploads\/2024\/10\/2023-Kaledinis-begimas-181-683x1024.jpeg 683w, https:\/\/kaledinisbegimas.lt\/wp-content\/uploads\/2024\/10\/2023-Kaledinis-begimas-181-768x1152.jpeg 768w, https:\/\/kaledinisbegimas.lt\/wp-content\/uploads\/2024\/10\/2023-Kaledinis-begimas-181-1024x1536.jpeg 1024w, https:\/\/kaledinisbegimas.lt\/wp-content\/uploads\/2024\/10\/2023-Kaledinis-begimas-181-1365x2048.jpeg 1365w, https:\/\/kaledinisbegimas.lt\/wp-content\/uploads\/2024\/10\/2023-Kaledinis-begimas-181-scaled.jpeg 1707w\" sizes=\"auto, (max-width: 200px) 100vw, 200px\" \/>K\u016bno kult\u016bros mokytojas Vytautas Stanevi\u010dius yra vienintelis dalyvis, nepraleid\u0119s nei vieneri\u0173 var\u017eyb\u0173. Pernai veteranas taip pat s\u0117kmingai \u012fveik\u0117 6 kilometrus.<\/p>\n<p>Var\u017eyb\u0173 metu gyvuoja tradicija b\u0117gti vilkint Kal\u0117d\u0173 senelio ar Snieguol\u0117s apdarais. Prie\u0161 kiek daugiau nei de\u0161imtmet\u012f ji gim\u0117 visai netik\u0117tai. B\u0117gimo organizatoriai pasteb\u0117jo, kad kai kurie l\u0117tesni b\u0117gikai sutrinka, kai \u012f juos, b\u0117gan\u010dius gatv\u0117mis spaud\u017eiant \u0161altukui, bado pir\u0161tais praeiviai. Tuomet jiems buvo pasi\u016blyta \u201epasisl\u0117pti\u201c po Kal\u0117d\u0173 senelio kostiumais. Praeiviai tokius b\u0117gikus \u0117m\u0117 sveikinti, link\u0117ti s\u0117km\u0117s ir kitaip palaikyti, tod\u0117l originali id\u0117ja prigijo.<\/p>\n<p>Dabar dalyvauti b\u0117gime pasipuo\u0161us originaliu kostiumu ry\u017etasi \u0161imtai b\u0117gik\u0173 m\u0117g\u0117j\u0173. Kal\u0117dinis b\u0117gimas \u2013 pirmiausiai yra \u0161vent\u0117, tod\u0117l auk\u0161t\u0173 rezultat\u0173 nesiekantys sportininkai tiesiog m\u0117gaujasi b\u0117gimu \u017eiem\u0105.<\/p>\n<p>Viena \u0161al\u010diausi\u0173 dien\u0173 buvo, kai var\u017eybos vyko 1979 metais. Tuo metu spaud\u0117 30 laipsni\u0173 \u0161altukas, b\u0117gikams \u0161armojo nosys, \u016bsai ir \u0161alo ausys.<\/p>\n<p>Jauniausias Kal\u0117dinio b\u0117gimo dalyvis buvo trej\u0173 met\u0173 Tadas Gerulskis, 2009 metais 5 km var\u017eyb\u0173 tras\u0105 \u012fveik\u0119s su mama. Vyriausiam veteranui Vladui Levickiui var\u017eyb\u0173 dien\u0105 buvo 87-eri.<\/p>\n<p>Itin daug b\u0117gik\u0173 dalyvavo var\u017eybose, kurios vyko 1985-1988 metais. Tuo metu \u012f sostin\u0117s gatves i\u0161b\u0117gdavo apie 2000 b\u0117gimo entuziast\u0173.<\/p>\n<p>Iki 2010 met\u0173 pagrindinis var\u017eyb\u0173 iniciatorius ir organizatorius buvo \u0161viesaus atminimo praeityje buv\u0119s garsus lengvaatletis, \u201e\u017dalgirio\u201c stadiono direktorius Jonas Grigas. Nuo 2011-\u0173j\u0173 Kal\u0117din\u012f b\u0117gim\u0105 organizuoja Vilniaus maratono organizatori\u0173 komanda.<\/p>\n<p>Pagrindin\u0117 var\u017eyb\u0173 distancija buvo 12 kilometr\u0173. \u0160is skai\u010dius simbolizuoja 12 m\u0117nesi\u0173. Norintys gal\u0117davo \u012fveikti ir beveik per pus\u0119 trumpesn\u0119 distancij\u0105. \u0160iemet b\u0117gikai gal\u0117s b\u0117gti 12, 6 arba 3 kilometrus. Ma\u017eyliai var\u017eysis \u201eNyk\u0161tuk\u0173 b\u0117gime\u201c \u012fveikdami 300 metr\u0173.<\/p>\n<p>Kal\u0117dinio (anks\u010diau, Naujametinio) b\u0117gimo starto ir fini\u0161o vieta b\u016bdavo \u201e\u017dalgirio\u201c stadione.<\/p>\n<p>V\u0117liau startas buvo perkeltas \u012f Vilniaus senamiest\u012f.<\/p>\n<p>\u017diem\u0105 \u0161alta, b\u0117gti \u0161ilta!<\/p>\n","protected":false},"excerpt":{"rendered":"<p>K\u016bno kult\u016bros mokytojas Vytautas Stanevi\u010dius yra vienintelis dalyvis, nepraleid\u0119s nei vieneri\u0173 var\u017eyb\u0173. Pernai veteranas taip pat s\u0117kmingai \u012fveik\u0117 6 kilometrus. Var\u017eyb\u0173 metu gyvuoja tradicija b\u0117gti vilkint Kal\u0117d\u0173 senelio ar Snieguol\u0117s apdarais. Prie\u0161 kiek daugiau nei de\u0161imtmet\u012f ji gim\u0117 visai netik\u0117tai. B\u0117gimo organizatoriai pasteb\u0117jo, kad kai kurie l\u0117tesni b\u0117gikai sutrinka, kai \u012f juos, b\u0117gan\u010dius gatv\u0117mis spaud\u017eiant [&#8230;]\n","protected":false},"author":1,"featured_media":0,"parent":260,"menu_order":0,"comment_status":"closed","ping_status":"closed","template":"","meta":{"footnotes":""},"class_list":["post-266","page","type-page","status-publish","hentry"],"_links":{"self":[{"href":"https:\/\/kaledinisbegimas.lt\/en\/wp-json\/wp\/v2\/pages\/266","targetHints":{"allow":["GET"]}}],"collection":[{"href":"https:\/\/kaledinisbegimas.lt\/en\/wp-json\/wp\/v2\/pages"}],"about":[{"href":"https:\/\/kaledinisbegimas.lt\/en\/wp-json\/wp\/v2\/types\/page"}],"author":[{"embeddable":true,"href":"https:\/\/kaledinisbegimas.lt\/en\/wp-json\/wp\/v2\/users\/1"}],"replies":[{"embeddable":true,"href":"https:\/\/kaledinisbegimas.lt\/en\/wp-json\/wp\/v2\/comments?post=266"}],"version-history":[{"count":13,"href":"https:\/\/kaledinisbegimas.lt\/en\/wp-json\/wp\/v2\/pages\/266\/revisions"}],"predecessor-version":[{"id":1216,"href":"https:\/\/kaledinisbegimas.lt\/en\/wp-json\/wp\/v2\/pages\/266\/revisions\/1216"}],"up":[{"embeddable":true,"href":"https:\/\/kaledinisbegimas.lt\/en\/wp-json\/wp\/v2\/pages\/260"}],"wp:attachment":[{"href":"https:\/\/kaledinisbegimas.lt\/en\/wp-json\/wp\/v2\/media?parent=266"}],"curies":[{"name":"wp","href":"https:\/\/api.w.org\/{rel}","templated":true}]}}