{"id":270,"date":"2022-10-26T11:48:05","date_gmt":"2022-10-26T08:48:05","guid":{"rendered":"https:\/\/kaledinisbegimas.lt\/registration-fees\/"},"modified":"2025-12-15T14:40:20","modified_gmt":"2025-12-15T12:40:20","slug":"registration-fees","status":"publish","type":"page","link":"https:\/\/kaledinisbegimas.lt\/en\/registration-fees\/","title":{"rendered":"Registration fees"},"content":{"rendered":"\t<section class=\"section\" id=\"section_1459773101\">\n\t\t<div class=\"bg section-bg fill bg-fill  bg-loaded\" >\n\n\t\t\t\n\t\t\t\n\t\t\t\n\n\t\t<\/div>\n\n\t\t\n\n\t\t<div class=\"section-content relative\">\n\t\t\t\n<div class=\"row\" style=\"max-width:1200px\" id=\"row-74109046\">\n\n\t<div id=\"col-778100640\" class=\"col medium-6 small-12 large-5\"  >\n\t\t\t\t<div class=\"col-inner\"  >\n\t\t\t\n\t\t\t\n\t<div id=\"gap-1704888557\" class=\"gap-element clearfix\" style=\"display:block; height:auto;\">\n\t\t\n<style>\n#gap-1704888557 {\n  padding-top: 60px;\n}\n<\/style>\n\t<\/div>\n\t\n\t<div id=\"text-1109022385\" class=\"text\">\n\t\t\n<h1>Registracijos mokes\u010diai<\/h1>\n\t\t\n<style>\n#text-1109022385 {\n  font-size: 2.75rem;\n  color: rgb(255, 255, 255);\n}\n#text-1109022385 > * {\n  color: rgb(255, 255, 255);\n}\n<\/style>\n\t<\/div>\n\t\n\t\t<\/div>\n\t\t\t\t\t<\/div>\n\n\t\n<\/div>\n\t\t<\/div>\n\n\t\t\n<style>\n#section_1459773101 {\n  padding-top: 30px;\n  padding-bottom: 30px;\n  min-height: 300px;\n  background-color: rgb(192, 43, 71);\n}\n#section_1459773101 .ux-shape-divider--top svg {\n  height: 150px;\n  --divider-top-width: 100%;\n}\n#section_1459773101 .ux-shape-divider--bottom svg {\n  height: 150px;\n  --divider-width: 100%;\n}\n@media (min-width:550px) {\n  #section_1459773101 {\n    min-height: 400px;\n  }\n}\n<\/style>\n\t<\/section>\n\t\n\t<section class=\"section\" id=\"section_1602174008\">\n\t\t<div class=\"bg section-bg fill bg-fill  bg-loaded\" >\n\n\t\t\t\n\t\t\t\n\t\t\t\n\n\t\t<\/div>\n\n\t\t\n\n\t\t<div class=\"section-content relative\">\n\t\t\t\n<div class=\"row\" style=\"max-width:1200px\" id=\"row-1662431764\">\n\n\t<div id=\"col-1046343101\" class=\"col small-12 large-12\"  >\n\t\t\t\t<div class=\"col-inner\"  >\n\t\t\t\n\t\t\t\n<div class=\"row align-middle\" style=\"max-width:1200px\" id=\"row-291124442\">\n\n\t<div id=\"col-1579304264\" class=\"col medium-12 small-12 large-6\"  >\n\t\t\t\t<div class=\"col-inner\"  >\n\t\t\t\n\t\t\t\n\t<div id=\"text-949129064\" class=\"text\">\n\t\t\n<p>\u00a0 \u00a0<\/p>\n<figure class=\"table\">\n<table>\n<tbody>\n<tr>\n<td>\u00a0<\/td>\n<td><strong>Speciali kaina iki 2024.12.13*<\/strong><\/td>\n<td><strong>nuo 2024.12.14 iki 2025.10.31*<\/strong><\/td>\n<td><strong>11.01 &#8211;\u00a011.23<\/strong><\/td>\n<td><strong>11.24 &#8211; 12.03<\/strong><\/td>\n<td><strong>\u00a012.04 &#8211; \u00a012.06<\/strong><\/td>\n<\/tr>\n<tr>\n<td><strong>12 km<\/strong><\/td>\n<td>19 EUR*<\/td>\n<td>25 EUR*<\/td>\n<td>35\u00a0EUR<\/td>\n<td>39 EUR<\/td>\n<td>\u00a045 EUR<\/td>\n<\/tr>\n<tr>\n<td><strong>6 km<\/strong><\/td>\n<td>15 EUR*<\/td>\n<td>19 EUR*<\/td>\n<td>25 EUR<\/td>\n<td>29 EUR<\/td>\n<td>\u00a035 EUR<\/td>\n<\/tr>\n<tr>\n<td><strong>3 km<\/strong><\/td>\n<td>9 EUR*<\/td>\n<td>15 EUR*<\/td>\n<td>19 EUR<\/td>\n<td>22 EUR<\/td>\n<td>\u00a025 EUR<\/td>\n<\/tr>\n<tr>\n<td><strong>Nyk\u0161tuk\u0173 b\u0117gimas<\/strong><\/td>\n<td>7 EUR<\/td>\n<td>8 EUR<\/td>\n<td>9\u00a0EUR<\/td>\n<td>12\u00a0EUR<\/td>\n<td>\u00a015 EUR<\/td>\n<\/tr>\n<\/tbody>\n<\/table>\n<\/figure>\n<p style=\"text-align: left;\">*Iki 2025.10.31 u\u017esiregistrav\u0119 12 km, 6 km ir 3 km dalyviai gauna vardinius numerius<\/p>\n<p style=\"text-align: center;\">\u00a0<\/p>\n\t\t\n<style>\n#text-949129064 {\n  text-align: center;\n}\n<\/style>\n\t<\/div>\n\t\n<\/p>\n\t\t<\/div>\n\t\t\t\t\t<\/div>\n\n\t\n\n\t<div id=\"col-708628405\" class=\"col medium-12 small-12 large-6 medium-col-first\"  >\n\t\t\t\t<div class=\"col-inner\"  >\n\t\t\t\n\t\t\t\n\n  <div class=\"banner has-hover\" id=\"banner-404269498\">\n          <div class=\"banner-inner fill\">\n        <div class=\"banner-bg fill\" >\n            <div class=\"bg fill bg-fill \"><\/div>\n                                    \n                    <\/div>\n\t\t\n        <div class=\"banner-layers container\">\n            <div class=\"fill banner-link\"><\/div>            \n        <\/div>\n      <\/div>\n\n            \n<style>\n#banner-404269498 {\n  padding-top: 400px;\n  background-color: rgb(255, 255, 255);\n}\n#banner-404269498 .bg.bg-loaded {\n  background-image: url(https:\/\/kaledinisbegimas.lt\/wp-content\/uploads\/2025\/12\/KB2026_vizualas_1080x192066.jpg);\n}\n#banner-404269498 .bg {\n  background-position: 50% 50%;\n}\n#banner-404269498 .ux-shape-divider--top svg {\n  height: 150px;\n  --divider-top-width: 100%;\n}\n#banner-404269498 .ux-shape-divider--bottom svg {\n  height: 150px;\n  --divider-width: 100%;\n}\n@media (min-width:550px) {\n  #banner-404269498 {\n    padding-top: 600px;\n  }\n}\n@media (min-width:850px) {\n  #banner-404269498 {\n    padding-top: 700px;\n  }\n}\n<\/style>\n  <\/div>\n\n\n\t\t<\/div>\n\t\t\t\t\n<style>\n#col-708628405 > .col-inner {\n  padding: 0px 0px 30px 0px;\n  margin: -70px 0px 0px 0px;\n}\n@media (min-width:850px) {\n  #col-708628405 > .col-inner {\n    margin: -260px 0px 0px 0px;\n  }\n}\n<\/style>\n\t<\/div>\n\n\t\n<\/div>\n\t\t<\/div>\n\t\t\t\t\t<\/div>\n\n\t\n<\/div>\n\t\t<\/div>\n\n\t\t\n<style>\n#section_1602174008 {\n  padding-top: 30px;\n  padding-bottom: 30px;\n}\n#section_1602174008 .ux-shape-divider--top svg {\n  height: 150px;\n  --divider-top-width: 100%;\n}\n#section_1602174008 .ux-shape-divider--bottom svg {\n  height: 150px;\n  --divider-width: 100%;\n}\n<\/style>\n\t<\/section>\n\t\n","protected":false},"excerpt":{"rendered":"","protected":false},"author":1,"featured_media":0,"parent":0,"menu_order":0,"comment_status":"closed","ping_status":"closed","template":"","meta":{"footnotes":""},"class_list":["post-270","page","type-page","status-publish","hentry"],"_links":{"self":[{"href":"https:\/\/kaledinisbegimas.lt\/en\/wp-json\/wp\/v2\/pages\/270","targetHints":{"allow":["GET"]}}],"collection":[{"href":"https:\/\/kaledinisbegimas.lt\/en\/wp-json\/wp\/v2\/pages"}],"about":[{"href":"https:\/\/kaledinisbegimas.lt\/en\/wp-json\/wp\/v2\/types\/page"}],"author":[{"embeddable":true,"href":"https:\/\/kaledinisbegimas.lt\/en\/wp-json\/wp\/v2\/users\/1"}],"replies":[{"embeddable":true,"href":"https:\/\/kaledinisbegimas.lt\/en\/wp-json\/wp\/v2\/comments?post=270"}],"version-history":[{"count":13,"href":"https:\/\/kaledinisbegimas.lt\/en\/wp-json\/wp\/v2\/pages\/270\/revisions"}],"predecessor-version":[{"id":1497,"href":"https:\/\/kaledinisbegimas.lt\/en\/wp-json\/wp\/v2\/pages\/270\/revisions\/1497"}],"wp:attachment":[{"href":"https:\/\/kaledinisbegimas.lt\/en\/wp-json\/wp\/v2\/media?parent=270"}],"curies":[{"name":"wp","href":"https:\/\/api.w.org\/{rel}","templated":true}]}}