{"id":281,"date":"2022-10-26T12:02:12","date_gmt":"2022-10-26T09:02:12","guid":{"rendered":"https:\/\/kaledinisbegimas.lt\/for-groups\/"},"modified":"2025-12-15T14:50:37","modified_gmt":"2025-12-15T12:50:37","slug":"for-groups","status":"publish","type":"page","link":"https:\/\/kaledinisbegimas.lt\/en\/for-groups\/","title":{"rendered":"For Groups"},"content":{"rendered":"\t<section class=\"section\" id=\"section_767586502\">\n\t\t<div class=\"bg section-bg fill bg-fill  bg-loaded\" >\n\n\t\t\t\n\t\t\t\n\t\t\t\n\n\t\t<\/div>\n\n\t\t\n\n\t\t<div class=\"section-content relative\">\n\t\t\t\n<div class=\"row\" style=\"max-width:1200px\" id=\"row-156277598\">\n\n\t<div id=\"col-1865047466\" class=\"col medium-6 small-12 large-5\"  >\n\t\t\t\t<div class=\"col-inner\"  >\n\t\t\t\n\t\t\t\n\t<div id=\"gap-407777671\" class=\"gap-element clearfix\" style=\"display:block; height:auto;\">\n\t\t\n<style>\n#gap-407777671 {\n  padding-top: 60px;\n}\n<\/style>\n\t<\/div>\n\t\n\t<div id=\"text-347275494\" class=\"text\">\n\t\t\n<h1>Grup\u0117ms<\/h1>\n\t\t\n<style>\n#text-347275494 {\n  font-size: 2.75rem;\n  color: rgb(255, 255, 255);\n}\n#text-347275494 > * {\n  color: rgb(255, 255, 255);\n}\n<\/style>\n\t<\/div>\n\t\n\t\t<\/div>\n\t\t\t\t\t<\/div>\n\n\t\n<\/div>\n\t\t<\/div>\n\n\t\t\n<style>\n#section_767586502 {\n  padding-top: 30px;\n  padding-bottom: 30px;\n  min-height: 300px;\n  background-color: rgb(192, 43, 71);\n}\n#section_767586502 .ux-shape-divider--top svg {\n  height: 150px;\n  --divider-top-width: 100%;\n}\n#section_767586502 .ux-shape-divider--bottom svg {\n  height: 150px;\n  --divider-width: 100%;\n}\n@media (min-width:550px) {\n  #section_767586502 {\n    min-height: 400px;\n  }\n}\n<\/style>\n\t<\/section>\n\t\n\t<section class=\"section\" id=\"section_349864018\">\n\t\t<div class=\"bg section-bg fill bg-fill  bg-loaded\" >\n\n\t\t\t\n\t\t\t\n\t\t\t\n\n\t\t<\/div>\n\n\t\t\n\n\t\t<div class=\"section-content relative\">\n\t\t\t\n<div class=\"row\" style=\"max-width:1200px\" id=\"row-704480772\">\n\n\t<div id=\"col-992510274\" class=\"col small-12 large-12\"  >\n\t\t\t\t<div class=\"col-inner\"  >\n\t\t\t\n\t\t\t\n<div class=\"row align-middle\" style=\"max-width:1200px\" id=\"row-1080474049\">\n\n\t<div id=\"col-1956172808\" class=\"col medium-12 small-12 large-6\"  >\n\t\t\t\t<div class=\"col-inner\"  >\n\t\t\t\n\t\t\t\n\t<div id=\"text-119884957\" class=\"text\">\n\t\t\n<h2>KAIP REGISTRUOTI?<\/h2>\n<p>Pildykite\u00a0<span class=\"s1\"><b>registracijos form\u0105<\/b><\/span>\u00a0kiekvieno dalyvio informacij\u0105 suvesdami atskirai ir vis pasirenkant mygtuk\u0105: <strong>\u201ePrid\u0117ti dalyv\u012f\u201c<\/strong> <strong>ARBA<\/strong><\/p>\n<p class=\"p1\">1. <a href=\"https:\/\/manobegimas.lt\/registration\/66\">https:\/\/manobegimas.lt\/registration\/66<\/a> nuorodoje spauskite <strong>\u201c\u012eKELTI FAIL\u0104\u201d<\/strong> ir tuomet <strong>\u201cATSISI\u0172STI\u201d<\/strong>.<\/p>\n<p class=\"p1\">2. Atsisiuntus excel fail\u0105, j\u012f reik\u0117t\u0173 tvarkingai u\u017epildyti. Atkreipkite d\u0117m\u0117s\u012f, kad kiekvienai distancijai yra skirtas atskiras lapas.<\/p>\n<p class=\"p1\">3. U\u017epild\u017eius failiuk\u0105, gr\u012f\u017ekite \u012f t\u0105 pa\u010di\u0105 nuorod\u0105, <strong>\u201c\u012eKELTI FAIL\u0104\u201d \u2013 \u201cPASIRINKTI IR \u012eKELTI\u201d<\/strong>.<\/p>\n<p class=\"p1\">Galiausiai Jums liks suvesti likusius \u012fmon\u0117s duomenis ir pateikti registracij\u0105. Jums bus sugeneruota i\u0161ankstin\u0117 s\u0105skaita. Apmok\u0117jus s\u0105skait\u0105 per 7 dienas,\u00a0 bus patvirtinti dalyviai ir gausite s\u0105skait\u0105-fakt\u016br\u0105.<\/p>\n<p class=\"p1\">Apmok\u0117jus s\u0105skait\u0105, atsi\u0173kite mok\u0117jimo kopij\u0105 el. pa\u0161tu <a href=\"mailto:info@kaledinisbegimas.lt\">info@kaledinisbegimas.lt\u00a0<\/a> Registracijos form\u0105 pra\u0161ome pateikti ne v\u0117liau gruod\u017eio 1 dienos.<\/p>\n<p><strong>Jeigu \u012fmon\u0117s atstovas pageidauja atsiimti vis\u0173 koleg\u0173 numerius bei paketus vienu metu, pra\u0161ome informuoti organizatorius el. pa\u0161tu info@kaledinisbegimas.lt iki gruod\u017eio 5 d. imtinai.<\/strong><\/p>\n\t\t\n<style>\n#text-119884957 {\n  text-align: left;\n}\n<\/style>\n\t<\/div>\n\t\n\t\t<\/div>\n\t\t\t\t\t<\/div>\n\n\t\n\n\t<div id=\"col-1803628419\" class=\"col medium-12 small-12 large-6 medium-col-first\"  >\n\t\t\t\t<div class=\"col-inner\"  >\n\t\t\t\n\t\t\t\n\n  <div class=\"banner has-hover\" id=\"banner-1279196619\">\n          <div class=\"banner-inner fill\">\n        <div class=\"banner-bg fill\" >\n            <div class=\"bg fill bg-fill \"><\/div>\n                                    \n                    <\/div>\n\t\t\n        <div class=\"banner-layers container\">\n            <div class=\"fill banner-link\"><\/div>            \n        <\/div>\n      <\/div>\n\n            \n<style>\n#banner-1279196619 {\n  padding-top: 400px;\n  background-color: rgb(255, 255, 255);\n}\n#banner-1279196619 .bg.bg-loaded {\n  background-image: url(https:\/\/kaledinisbegimas.lt\/wp-content\/uploads\/2025\/12\/KB2026_vizualas_1080x192066.jpg);\n}\n#banner-1279196619 .bg {\n  background-position: 50% 50%;\n}\n#banner-1279196619 .ux-shape-divider--top svg {\n  height: 150px;\n  --divider-top-width: 100%;\n}\n#banner-1279196619 .ux-shape-divider--bottom svg {\n  height: 150px;\n  --divider-width: 100%;\n}\n@media (min-width:550px) {\n  #banner-1279196619 {\n    padding-top: 600px;\n  }\n}\n@media (min-width:850px) {\n  #banner-1279196619 {\n    padding-top: 700px;\n  }\n}\n<\/style>\n  <\/div>\n\n\n\t\t<\/div>\n\t\t\t\t\n<style>\n#col-1803628419 > .col-inner {\n  padding: 0px 0px 30px 0px;\n  margin: -70px 0px 0px 0px;\n}\n@media (min-width:850px) {\n  #col-1803628419 > .col-inner {\n    margin: -260px 0px 0px 0px;\n  }\n}\n<\/style>\n\t<\/div>\n\n\t\n<\/div>\n\t\t<\/div>\n\t\t\t\t\t<\/div>\n\n\t\n<\/div>\n\t\t<\/div>\n\n\t\t\n<style>\n#section_349864018 {\n  padding-top: 30px;\n  padding-bottom: 30px;\n}\n#section_349864018 .ux-shape-divider--top svg {\n  height: 150px;\n  --divider-top-width: 100%;\n}\n#section_349864018 .ux-shape-divider--bottom svg {\n  height: 150px;\n  --divider-width: 100%;\n}\n<\/style>\n\t<\/section>\n\t\n<h2><strong>NUOLAIDOS:<\/strong><\/h2>\n<p><strong>20 KOLEG\u0172 KOMANDA<\/strong><\/p>\n<p><span dir=\"ltr\">Surink\u0119 20 koleg\u0173, kurie patirs b\u0117gimo d\u017eiaugsm\u0105 kartu,\u00a0<\/span><span dir=\"ltr\">gausite\u00a0<\/span><strong><span dir=\"ltr\">10<\/span><span dir=\"ltr\">%<\/span><\/strong>\u00a0<span dir=\"ltr\">nuolaid\u0105 registracijoms!<\/span><\/p>\n<p><strong>30 KOLEG\u0172 KOMANDA<\/strong><\/p>\n<p><span dir=\"ltr\">Sub\u016br\u0119 30 \u017emoni\u0173 komand\u0105, u\u017eregistruoti juos gal\u0117site su\u00a0<\/span><strong><span dir=\"ltr\">15<\/span><span dir=\"ltr\">%<\/span><\/strong>\u00a0<span dir=\"ltr\">nuolaida!<\/span><\/p>\n<p>&nbsp;<\/p>\n<p>D\u0117l nuolaidos pritaikymo, prie\u0161 registruojant komand\u0105 kreipkit\u0117s <a href=\"mailto:info@kaledinisbegimas.lt\">info@kaledinisbegimas.lt\u00a0<\/a><\/p>\n<p>Jei registracijos procese kils keblum\u0173 ar papildom\u0173 klausim\u0173, kreipkit\u0117s <a href=\"mailto:info@kaledinisbegimas.lt\">info@kaledinisbegimas.lt\u00a0<\/a>spr\u0119sime kartu!<\/p>\n<p>&nbsp;<\/p>\n","protected":false},"excerpt":{"rendered":"<p>NUOLAIDOS: 20 KOLEG\u0172 KOMANDA Surink\u0119 20 koleg\u0173, kurie patirs b\u0117gimo d\u017eiaugsm\u0105 kartu,\u00a0gausite\u00a010%\u00a0nuolaid\u0105 registracijoms! 30 KOLEG\u0172 KOMANDA Sub\u016br\u0119 30 \u017emoni\u0173 komand\u0105, u\u017eregistruoti juos gal\u0117site su\u00a015%\u00a0nuolaida! &nbsp; D\u0117l nuolaidos pritaikymo, prie\u0161 registruojant komand\u0105 kreipkit\u0117s info@kaledinisbegimas.lt\u00a0 Jei registracijos procese kils keblum\u0173 ar papildom\u0173 klausim\u0173, kreipkit\u0117s info@kaledinisbegimas.lt\u00a0spr\u0119sime kartu! &nbsp;<\/p>\n","protected":false},"author":1,"featured_media":0,"parent":0,"menu_order":0,"comment_status":"closed","ping_status":"closed","template":"","meta":{"footnotes":""},"class_list":["post-281","page","type-page","status-publish","hentry"],"_links":{"self":[{"href":"https:\/\/kaledinisbegimas.lt\/en\/wp-json\/wp\/v2\/pages\/281","targetHints":{"allow":["GET"]}}],"collection":[{"href":"https:\/\/kaledinisbegimas.lt\/en\/wp-json\/wp\/v2\/pages"}],"about":[{"href":"https:\/\/kaledinisbegimas.lt\/en\/wp-json\/wp\/v2\/types\/page"}],"author":[{"embeddable":true,"href":"https:\/\/kaledinisbegimas.lt\/en\/wp-json\/wp\/v2\/users\/1"}],"replies":[{"embeddable":true,"href":"https:\/\/kaledinisbegimas.lt\/en\/wp-json\/wp\/v2\/comments?post=281"}],"version-history":[{"count":12,"href":"https:\/\/kaledinisbegimas.lt\/en\/wp-json\/wp\/v2\/pages\/281\/revisions"}],"predecessor-version":[{"id":1511,"href":"https:\/\/kaledinisbegimas.lt\/en\/wp-json\/wp\/v2\/pages\/281\/revisions\/1511"}],"wp:attachment":[{"href":"https:\/\/kaledinisbegimas.lt\/en\/wp-json\/wp\/v2\/media?parent=281"}],"curies":[{"name":"wp","href":"https:\/\/api.w.org\/{rel}","templated":true}]}}